{"id":9,"date":"2021-03-29T16:28:03","date_gmt":"2021-03-29T14:28:03","guid":{"rendered":"https:\/\/dwunasty.wordpress.com\/?page_id=9"},"modified":"2024-03-03T16:51:37","modified_gmt":"2024-03-03T16:51:37","slug":"about","status":"publish","type":"page","link":"https:\/\/dwunasty.blog\/?page_id=9","title":{"rendered":"O mnie"},"content":{"rendered":"\r\n<div class=\"wp-block-spacer\" style=\"height: 20px;\" aria-hidden=\"true\">\u00a0<\/div>\r\n\r\n\r\n\r\n<figure class=\"wp-block-image aligncenter size-large is-resized is-style-rounded\"><img data-recalc-dims=\"1\" fetchpriority=\"high\" decoding=\"async\" width=\"720\" height=\"720\" class=\"wp-image-1352 aligncenter\" style=\"width: 358px; height: auto;\" src=\"https:\/\/i0.wp.com\/dwunasty.blog\/wp-content\/uploads\/2023\/12\/img_20190916_212536_557.jpg?resize=720%2C720&#038;ssl=1\" alt=\"\" srcset=\"https:\/\/i0.wp.com\/dwunasty.blog\/wp-content\/uploads\/2023\/12\/img_20190916_212536_557.jpg?w=720&amp;ssl=1 720w, https:\/\/i0.wp.com\/dwunasty.blog\/wp-content\/uploads\/2023\/12\/img_20190916_212536_557.jpg?resize=300%2C300&amp;ssl=1 300w, https:\/\/i0.wp.com\/dwunasty.blog\/wp-content\/uploads\/2023\/12\/img_20190916_212536_557.jpg?resize=150%2C150&amp;ssl=1 150w\" sizes=\"(max-width: 720px) 100vw, 720px\" \/><\/figure>\r\n\r\n\r\n\r\n<p>&nbsp;<\/p>\r\n<p class=\"has-text-align-justify\" style=\"text-align: justify;\">Staram si\u0119 by\u0107 dobrym cz\u0142owiekiem. Z biegiem do\u015bwiadcze\u0144 dochodz\u0119 do wniosku, i\u017c <em>wiem, \u017ce nic nie wiem<\/em> &#8211; jak Sokrates. Dlatego cz\u0119sto zapraszam do dialogu i wsp\u00f3lnej refleksji nad jakim\u015b poj\u0119ciem, zagadnieniem b\u0105d\u017a koncepcj\u0105. Podobno w stawaniu si\u0119\u00a0 ekspertem istotne jest pope\u0142nienie wszystkich mo\u017cliwych b\u0142\u0119d\u00f3w w jakiej\u015b dziedzinie. Jestem tylko (b\u0105d\u017a a\u017c!) cz\u0142owiekiem, o wielu to\u017csamo\u015bciach i rolach \u017cyciowych m.in. m\u0119\u017cczyzn\u0105, studentem, synem, przyjacielem, pracownikiem, klientem, przechodniem, uczestnikiem ruchu drogowego, obywatelem, uzale\u017cnionym, itd. Nie mi ocenia\u0107 czy jestem ekspertem, specjalist\u0105, nauczycielem, drogowskazem w zdrowieniu. Jestem cz\u0142owiekiem z blizn\u0105 przesz\u0142o\u015bci, a b\u0119d\u0105c wolnym szuka\u0142em w r\u00f3\u017cnych substancjach psychoaktywnych paradoksalnie w\u0142a\u015bnie wolno\u015bci i sta\u0142em si\u0119 zniewolon\u0105 osob\u0105 aspo\u0142eczn\u0105. Dzi\u015b wiem, \u017ce to zachowanie by\u0142o odpowiedzi\u0105, reakcj\u0105 na ogromny l\u0119k, kt\u00f3ry by\u0142 we mnie. Nie mam wp\u0142ywu na moj\u0105 chorob\u0119 uzale\u017cnienia &#8211; mam wp\u0142yw wy\u0142\u0105cznie na moje zdrowienie. Staram si\u0119 uzdrawia\u0107 m\u00f3j egocentryzm, egoizm i egotyzm &#8211; mi\u0142o\u015bci\u0105, wsp\u00f3\u0142czuciem i dobr\u0105 wol\u0105. Ogromny wp\u0142yw na moje zdrowienie ma duchowy program Dwunastu Krok\u00f3w Wsp\u00f3lnoty <em>Anonimowych Narkoman\u00f3w<\/em>. Wierz\u0119, \u017ce trafiaj\u0105c tutaj jeste\u015b osob\u0105 z otwartym umys\u0142em na moje i innych zdrowiej\u0105cych uzale\u017cnionych do\u015bwiadczenia, kt\u00f3rymi chcemy si\u0119 z Tob\u0105 podzieli\u0107. Zatem, gdy z czym\u015b si\u0119 nie zgadzasz, widzisz co\u015b inaczej, to gor\u0105co zach\u0119cam do napisania o tym. Nie jest wa\u017cne jak mam na imi\u0119, sk\u0105d pochodz\u0119, jakie narkotyki i jak du\u017co ich za\u017cywa\u0142em, ile mam lat. Znam ob\u0142\u0119d, obsesj\u0119, chaos i destrukcyjn\u0105 si\u0142\u0119 uzale\u017cnienia. Przesta\u0107 za\u017cywa\u0107 narkotyki jest bardzo proste, wystarczy zmieni\u0107 ca\u0142e swoje \u017cycie. Blog powsta\u0142 w odpowiedzi na ostatnie pytanie z Dwunastego Kroku, <em>&#8222;W jaki spos\u00f3b wyra\u017c\u0119 moj\u0105 wdzi\u0119czno\u015b\u0107&#8221;<\/em>. Serdecznie dzi\u0119kuj\u0119 wszystkim moim bliskim, przyjacio\u0142om, przewodnikom duchowym i ludziom, kt\u00f3rzy mnie wspieraj\u0105 i inspiruj\u0105 NA szlaku, wielu z Was przyj\u0119\u0142o zaproszenie do podzielenia si\u0119 swoim bogatym do\u015bwiadczeniem w zdrowieniu na \u0142amach tego blogu. Przyjacielu, kryzys jest elementem zdrowienia, odwagi!<\/p>\r\n\r\n\r\n\r\n<p class=\"has-text-align-justify\" style=\"text-align: justify;\"><em>&#8222;By\u0107 cz\u0142owiekiem to w\u0142a\u015bnie by\u0107 odpowiedzialnym. To zna\u0107 uczucie wstydu w obliczu n\u0119dzy, nawet tej n\u0119dzy, kt\u00f3rej nie jeste\u015bmy winni. To odczuwa\u0107 dum\u0119 ze zwyci\u0119stwa odniesionego przez koleg\u00f3w. To czu\u0107, k\u0142ad\u0105c swoj\u0105 ceg\u0142\u0119, \u017ce si\u0119 bierze udzia\u0142 w budowaniu \u015bwiata.&#8221;<\/em><\/p>\r\n\r\n\r\n\r\n<p class=\"has-text-align-right\" style=\"text-align: right;\"><sub>Antoine de Saint-Exup\u00e9ry,\u00a0Ziemia, planeta ludzi<\/sub><\/p>\r\n","protected":false},"excerpt":{"rendered":"<p>&nbsp; Staram si\u0119 by\u0107 dobrym cz\u0142owiekiem. Z biegiem do\u015bwiadcze\u0144 dochodz\u0119 do wniosku, i\u017c wiem, \u017ce nic nie wiem &#8211; jak Sokrates. Dlatego cz\u0119sto zapraszam do dialogu i wsp\u00f3lnej refleksji nad jakim\u015b poj\u0119ciem, zagadnieniem b\u0105d\u017a koncepcj\u0105. Podobno w stawaniu si\u0119\u00a0 ekspertem istotne jest pope\u0142nienie wszystkich mo\u017cliwych b\u0142\u0119d\u00f3w w jakiej\u015b dziedzinie. Jestem tylko (b\u0105d\u017a a\u017c!) cz\u0142owiekiem, o&#8230;<\/p>\n","protected":false},"author":1,"featured_media":0,"parent":990,"menu_order":2,"comment_status":"closed","ping_status":"closed","template":"","meta":{"om_disable_all_campaigns":false,"_monsterinsights_skip_tracking":false,"_monsterinsights_sitenote_active":false,"_monsterinsights_sitenote_note":"","_monsterinsights_sitenote_category":0,"jetpack_post_was_ever_published":false,"footnotes":""},"class_list":["post-9","page","type-page","status-publish","hentry"],"aioseo_notices":[],"jetpack-related-posts":[],"jetpack_sharing_enabled":false,"_links":{"self":[{"href":"https:\/\/dwunasty.blog\/index.php?rest_route=\/wp\/v2\/pages\/9","targetHints":{"allow":["GET"]}}],"collection":[{"href":"https:\/\/dwunasty.blog\/index.php?rest_route=\/wp\/v2\/pages"}],"about":[{"href":"https:\/\/dwunasty.blog\/index.php?rest_route=\/wp\/v2\/types\/page"}],"author":[{"embeddable":true,"href":"https:\/\/dwunasty.blog\/index.php?rest_route=\/wp\/v2\/users\/1"}],"replies":[{"embeddable":true,"href":"https:\/\/dwunasty.blog\/index.php?rest_route=%2Fwp%2Fv2%2Fcomments&post=9"}],"version-history":[{"count":6,"href":"https:\/\/dwunasty.blog\/index.php?rest_route=\/wp\/v2\/pages\/9\/revisions"}],"predecessor-version":[{"id":1548,"href":"https:\/\/dwunasty.blog\/index.php?rest_route=\/wp\/v2\/pages\/9\/revisions\/1548"}],"up":[{"embeddable":true,"href":"https:\/\/dwunasty.blog\/index.php?rest_route=\/wp\/v2\/pages\/990"}],"wp:attachment":[{"href":"https:\/\/dwunasty.blog\/index.php?rest_route=%2Fwp%2Fv2%2Fmedia&parent=9"}],"curies":[{"name":"wp","href":"https:\/\/api.w.org\/{rel}","templated":true}]}}