{"id":8,"date":"2021-03-29T16:28:04","date_gmt":"2021-03-29T14:28:04","guid":{"rendered":"https:\/\/dwunasty.wordpress.com\/?page_id=8"},"modified":"2024-03-03T16:51:18","modified_gmt":"2024-03-03T16:51:18","slug":"kontact","status":"publish","type":"page","link":"https:\/\/dwunasty.blog\/?page_id=8","title":{"rendered":"Kontakt"},"content":{"rendered":"<p style=\"text-align: justify;\">A mo\u017ce masz ochot\u0119 co\u015b napisa\u0107? Mo\u017ce zauwa\u017cyli\u015bcie jaki\u015b b\u0142\u0105d lub co\u015b przesta\u0142o na stronie\u00a0 dzia\u0142a\u0107? Wdzi\u0119czni b\u0119dziemy za wszelkie takie informacje! <br \/><br \/>Z ogromn\u0105 wdzi\u0119czno\u015bci\u0105 zamieszcz\u0119 Tw\u00f3j wpis je\u015bli tylko chcesz czym\u015b si\u0119 podzieli\u0107, zostawi\u0107 jak\u0105\u015b swoj\u0105 refleksje, do\u015bwiadczenie b\u0105d\u017a szukasz przestrzeni do niesienia pos\u0142ania. Nie wahaj si\u0119 i skorzystaj z poni\u017cszych informacji kontaktowych i wy\u015blij wiadomo\u015b\u0107 za pomoc\u0105 poni\u017cszego formularza lub napisz bezpo\u015brednio na nasz <a href=\"mailto:kontakt@dwunasty.blog\">mail<\/a>.<br \/><br \/>\n<div class=\"wpcf7 no-js\" id=\"wpcf7-f1512-o1\" lang=\"pl-PL\" dir=\"ltr\" data-wpcf7-id=\"1512\">\n<div class=\"screen-reader-response\"><p role=\"status\" aria-live=\"polite\" aria-atomic=\"true\"><\/p> <ul><\/ul><\/div>\n<form action=\"\/index.php?rest_route=%2Fwp%2Fv2%2Fpages%2F8#wpcf7-f1512-o1\" method=\"post\" class=\"wpcf7-form init\" aria-label=\"Formularz kontaktowy\" novalidate=\"novalidate\" data-status=\"init\">\n<fieldset class=\"hidden-fields-container\"><input type=\"hidden\" name=\"_wpcf7\" value=\"1512\" \/><input type=\"hidden\" name=\"_wpcf7_version\" value=\"6.1.5\" \/><input type=\"hidden\" name=\"_wpcf7_locale\" value=\"pl_PL\" \/><input type=\"hidden\" name=\"_wpcf7_unit_tag\" value=\"wpcf7-f1512-o1\" \/><input type=\"hidden\" name=\"_wpcf7_container_post\" value=\"0\" \/><input type=\"hidden\" name=\"_wpcf7_posted_data_hash\" value=\"\" \/>\n<\/fieldset>\n<p><label> Twoje imi\u0119<br \/>\n<span class=\"wpcf7-form-control-wrap\" data-name=\"your-name\"><input size=\"40\" maxlength=\"400\" class=\"wpcf7-form-control wpcf7-text wpcf7-validates-as-required\" autocomplete=\"name\" aria-required=\"true\" aria-invalid=\"false\" value=\"\" type=\"text\" name=\"your-name\" \/><\/span> <\/label>\n<\/p>\n<p><label> Tw\u00f3j adres e-mail<br \/>\n<span class=\"wpcf7-form-control-wrap\" data-name=\"your-email\"><input size=\"40\" maxlength=\"400\" class=\"wpcf7-form-control wpcf7-email wpcf7-validates-as-required wpcf7-text wpcf7-validates-as-email\" autocomplete=\"email\" aria-required=\"true\" aria-invalid=\"false\" value=\"\" type=\"email\" name=\"your-email\" \/><\/span> <\/label>\n<\/p>\n<p><label> Temat<br \/>\n<span class=\"wpcf7-form-control-wrap\" data-name=\"your-subject\"><input size=\"40\" maxlength=\"400\" class=\"wpcf7-form-control wpcf7-text wpcf7-validates-as-required\" aria-required=\"true\" aria-invalid=\"false\" value=\"\" type=\"text\" name=\"your-subject\" \/><\/span> <\/label>\n<\/p>\n<p><label> Twoja wiadomo\u015bci<br \/>\n<span class=\"wpcf7-form-control-wrap\" data-name=\"your-message\"><textarea cols=\"40\" rows=\"10\" maxlength=\"2000\" class=\"wpcf7-form-control wpcf7-textarea\" aria-invalid=\"false\" name=\"your-message\"><\/textarea><\/span> <\/label>\n<\/p>\n<p><input class=\"wpcf7-form-control wpcf7-submit has-spinner\" type=\"submit\" value=\"Wy\u015blij\" \/>\n<\/p><div class=\"wpcf7-response-output\" aria-hidden=\"true\"><\/div>\n<\/form>\n<\/div>\n<\/p>\r\n\r\n<div class=\"wp-block-contact-form-7-contact-form-selector\" style=\"text-align: left;\"><strong>Dzi\u0119kujemy!<\/strong><\/div>\r\n","protected":false},"excerpt":{"rendered":"<p>A mo\u017ce masz ochot\u0119 co\u015b napisa\u0107? Mo\u017ce zauwa\u017cyli\u015bcie jaki\u015b b\u0142\u0105d lub co\u015b przesta\u0142o na stronie\u00a0 dzia\u0142a\u0107? Wdzi\u0119czni b\u0119dziemy za wszelkie takie informacje! Z ogromn\u0105 wdzi\u0119czno\u015bci\u0105 zamieszcz\u0119 Tw\u00f3j wpis je\u015bli tylko chcesz czym\u015b si\u0119 podzieli\u0107, zostawi\u0107 jak\u0105\u015b swoj\u0105 refleksje, do\u015bwiadczenie b\u0105d\u017a szukasz przestrzeni do niesienia pos\u0142ania. Nie wahaj si\u0119 i skorzystaj z poni\u017cszych informacji kontaktowych i&#8230;<\/p>\n","protected":false},"author":1,"featured_media":0,"parent":990,"menu_order":2,"comment_status":"closed","ping_status":"closed","template":"","meta":{"om_disable_all_campaigns":false,"_monsterinsights_skip_tracking":false,"_monsterinsights_sitenote_active":false,"_monsterinsights_sitenote_note":"","_monsterinsights_sitenote_category":0,"jetpack_post_was_ever_published":false,"footnotes":""},"class_list":["post-8","page","type-page","status-publish","hentry"],"aioseo_notices":[],"jetpack-related-posts":[],"jetpack_sharing_enabled":false,"_links":{"self":[{"href":"https:\/\/dwunasty.blog\/index.php?rest_route=\/wp\/v2\/pages\/8","targetHints":{"allow":["GET"]}}],"collection":[{"href":"https:\/\/dwunasty.blog\/index.php?rest_route=\/wp\/v2\/pages"}],"about":[{"href":"https:\/\/dwunasty.blog\/index.php?rest_route=\/wp\/v2\/types\/page"}],"author":[{"embeddable":true,"href":"https:\/\/dwunasty.blog\/index.php?rest_route=\/wp\/v2\/users\/1"}],"replies":[{"embeddable":true,"href":"https:\/\/dwunasty.blog\/index.php?rest_route=%2Fwp%2Fv2%2Fcomments&post=8"}],"version-history":[{"count":24,"href":"https:\/\/dwunasty.blog\/index.php?rest_route=\/wp\/v2\/pages\/8\/revisions"}],"predecessor-version":[{"id":1712,"href":"https:\/\/dwunasty.blog\/index.php?rest_route=\/wp\/v2\/pages\/8\/revisions\/1712"}],"up":[{"embeddable":true,"href":"https:\/\/dwunasty.blog\/index.php?rest_route=\/wp\/v2\/pages\/990"}],"wp:attachment":[{"href":"https:\/\/dwunasty.blog\/index.php?rest_route=%2Fwp%2Fv2%2Fmedia&parent=8"}],"curies":[{"name":"wp","href":"https:\/\/api.w.org\/{rel}","templated":true}]}}