{"id":1675,"date":"2024-03-03T15:18:31","date_gmt":"2024-03-03T15:18:31","guid":{"rendered":"https:\/\/dwunasty.blog\/?page_id=1675"},"modified":"2024-03-03T16:51:01","modified_gmt":"2024-03-03T16:51:01","slug":"wsparcie","status":"publish","type":"page","link":"https:\/\/dwunasty.blog\/?page_id=1675","title":{"rendered":"Gdzie szuka\u0107 wsparcia?"},"content":{"rendered":"<p style=\"text-align: justify;\">Je\u015bli uwa\u017casz, \u017ce jaka\u015b sytuacja zagra\u017ca \u017cyciu b\u0105d\u017a zdrowiu Tobie lub komu\u015b z Twojego otoczenia, to nie wahaj si\u0119 i zadzwo\u0144 na telefon alarmowy <strong>112<\/strong>. Poni\u017cej zamieszczona jest szeroka oferta Wsp\u00f3lnot Dwunastokrokowych, na podanych stronach znajdziesz numery kontaktowe, mitingi oraz przeczytasz niezb\u0119dne informacje. Ni\u017cej znajdziesz r\u00f3wnie\u017c telefony i strony zawieraj\u0105ce wsparcie profesjonalist\u00f3w. Cho\u0107 do\u015bwiadczenia zawarte na tym blogu oparte s\u0105 o Wsp\u00f3lnot\u0119 Anonimowych Narkoman\u00f3w to zastosowanie Programu Dwunastu Krok\u00f3w jest uniwersalne i warto z niego korzysta\u0107 z otwarto\u015bci\u0105 umys\u0142u w zdrowieniu. Mo\u017cna by\u0107 cz\u0142onkami r\u00f3\u017cnych Wsp\u00f3lnot (nie wykluczaj\u0105 si\u0119 wzajemnie, ale maj\u0105 swoj\u0105 histori\u0119, literatur\u0119, identyfikacj\u0119 oraz warunki przynale\u017cno\u015bci &#8211; polecam: <a href=\"https:\/\/anonimowinarkomani.org\/swiatowe-biura-powiernikow-na-biuletyn-13\/\" target=\"_blank\" rel=\"noopener\">Biuletyn nr .13 &#8211; Pewne przemy\u015blenia dotycz\u0105ce naszej relacji ze wsp\u00f3lnot\u0105 Anonimowych Alkoholik\u00f3w<\/a>). Sprawd\u017a r\u00f3wnie\u017c ulotk\u0119 <a href=\"https:\/\/anonimowinarkomani.org\/wp-content\/uploads\/2022\/12\/PL2205.pdf.\" target=\"_blank\" rel=\"noopener\">Grupy NA a lekarstwa<\/a> oraz <a href=\"https:\/\/na.org\/admin\/include\/spaw2\/uploads\/pdf\/litfiles\/us_english\/Booklet\/In%20Times%20of%20Illness.pdf\" target=\"_blank\" rel=\"noopener\"><em>In Times of Illness\u00a0<\/em><\/a>(&#8217;W czasie choroby&#8221; &#8211; nie przet\u0142umaczonej do tej pory na j\u0119zyk polski).<\/p>\n<p style=\"text-align: center;\"><strong>Wsp\u00f3lnoty Dwunastokrokowe dzia\u0142aj\u0105ce w Polsce:<\/strong><\/p>\n<p style=\"text-align: justify;\"><strong>Anonimowi Narkomani<\/strong> (NA):\u00a0 <a href=\"http:\/\/www.anonimowinarkomani.org\" target=\"_blank\" rel=\"noopener\">strona www<\/a><\/p>\n<p style=\"text-align: justify;\"><strong>Grupy Rodzinne Nar-Anon:<\/strong> &#8211; <a href=\"www.nar-anon.pl\" target=\"_blank\" rel=\"noopener\">strona www<\/a><\/p>\n<p style=\"text-align: justify;\"><strong>Anonimowi Alkoholicy<\/strong> (AA): &#8211; <a href=\"www.aa.org.pl\" target=\"_blank\" rel=\"noopener\">strona www<\/a><\/p>\n<p style=\"text-align: justify;\"><strong>Grupy Rodzinne Al-Anon<\/strong>: &#8211; <a href=\"http:\/\/www.al-anon.org.pl\" target=\"_blank\" rel=\"noopener\">strona www<\/a><\/p>\n<p style=\"text-align: justify;\"><strong>Cz\u0119\u015b\u0107 Grup Rodzinnych Alateen:<\/strong> &#8211; <a href=\"http:\/\/www.al-anon.org.pl\/krotko-o-alateen\/\" target=\"_blank\" rel=\"noopener\">strona www<\/a><\/p>\n<p style=\"text-align: justify;\"><strong>Wsp\u00f3lnota Doros\u0142ych Dzieci Alkoholik\u00f3w i Rodzin Dysfunkcyjnych<\/strong> (ACA) &#8211; <a href=\"http:\/\/www.dda.org.pl\" target=\"_blank\" rel=\"noopener\">strona www<\/a><\/p>\n<p style=\"text-align: justify;\"><strong>Anonimowi Depresanci<\/strong> (AD) &#8211; <a href=\"http:\/\/www.adepresanci.manifo.com\" target=\"_blank\" rel=\"noopener\">strona www<\/a><\/p>\n<p style=\"text-align: justify;\"><strong>Anonimowi Seksoholicy<\/strong> (SA) &#8211; <a href=\"http:\/\/www.sa.org.pl\" target=\"_blank\" rel=\"noopener\">strona www<\/a><\/p>\n<p style=\"text-align: justify;\"><strong>Anonimowi Uzale\u017cnieni od Seksu i Mi\u0142o\u015bci<\/strong> (SLAA) &#8211; <a href=\"http:\/\/www.slaa.pl\" target=\"_blank\" rel=\"noopener\">strona www<\/a><\/p>\n<p style=\"text-align: justify;\"><strong>Anonimowi Jedzenioholicy<\/strong> (AJ) &#8211; <a href=\"http:\/\/www.anonimowijedzenioholicy.org\" target=\"_blank\" rel=\"noopener\">strona www<\/a><\/p>\n<p style=\"text-align: justify;\"><strong>Anonimowi Hazardzi\u015bci<\/strong> (AH) &#8211; <a href=\"http:\/\/www.anonimowihazardzisci.org\" target=\"_blank\" rel=\"noopener\">strona www<\/a><\/p>\n<p style=\"text-align: justify;\"><strong>Anonimowi Uzale\u017cnieni od komputera<\/strong> (AUK) &#8211; <a href=\"http:\/\/www.auk.org.pl\" target=\"_blank\" rel=\"noopener\">strona www<\/a><\/p>\n<p style=\"text-align: justify;\"><strong>Anonimowi Palacze<\/strong> (AN) &#8211; <a href=\"http:\/\/www.anonimowipalacze.pl\" target=\"_blank\" rel=\"noopener\">strona www<\/a><\/p>\n<p style=\"text-align: justify;\"><strong>Anonimowi Kokaini\u015bci<\/strong> (CA) &#8211; <a href=\"http:\/\/www.ca-polska.org\" target=\"_blank\" rel=\"noopener\">strona www<\/a><\/p>\n<p style=\"text-align: justify;\"><strong>Anonimowi Przemocowcy<\/strong> (AP) &#8211; <a href=\"http:\/\/www.anonimowiprzemocowcy.pl\/\" target=\"_blank\" rel=\"noopener\">strona www<\/a><\/p>\n<p style=\"text-align: justify;\"><strong>Anonimowi D\u0142u\u017cnicy<\/strong> (DA) &#8211; <a href=\"http:\/\/www.facebook.com\/groups\/182188132392087\/\" target=\"_blank\" rel=\"noopener\">zamkni\u0119ta grupa na facebooku<\/a><\/p>\n<p style=\"text-align: justify;\"><strong>Wsp\u00f3lnota \u015awi\u0119tego Jakuba, Dwana\u015bcie Krok\u00f3w dla Chrze\u015bcijan<\/strong> &#8211; <a href=\"http:\/\/www.12krokow.com.pl\" target=\"_blank\" rel=\"noopener\">pierwsza strona www<\/a>, <a href=\"https:\/\/swietyjakub12.pl\/contact\" target=\"_blank\" rel=\"noopener\">druga strona www<\/a><\/p>\n<p>&nbsp;<\/p>\n<p style=\"text-align: center;\"><strong>Profesjonalne wsparcie:<\/strong><\/p>\n<p style=\"text-align: justify;\"><strong>Mapa plac\u00f3wek leczniczych Krajowego Centrum Przeciwdzia\u0142ania Uzale\u017cnieniom (KCPU): <\/strong><a href=\"www.kcpu.gov.pl\/mapa\/\" target=\"_blank\" rel=\"noopener\">www.kcpu.gov.pl\/mapa<\/a><\/p>\n<p style=\"text-align: justify;\"><strong>\u017bycie warte jest rozmowy:<\/strong> <a href=\"www.zwjr.pl\" target=\"_blank\" rel=\"noopener\">www.zwjr.pl<\/a><\/p>\n<p>&nbsp;<\/p>\n<p style=\"text-align: center;\"><strong>Ca\u0142odobowe bezp\u0142atne numery pomocowe:<\/strong><\/p>\n<p style=\"text-align: justify;\"><strong>Centrum Wsparcia dla Os\u00f3b Doros\u0142ych w Kryzysie Psychicznym:<\/strong> <a href=\"tel:800%20702%20222\">800 702 222<\/a> &#8211;\u00a0<a href=\"https:\/\/liniawsparcia.pl\/\" target=\"_blank\" rel=\"noopener\">strona www<\/a><\/p>\n<p style=\"text-align: justify;\"><strong>Telefon zaufania dla dzieci i m\u0142odzie\u017cy:<\/strong> <a href=\"tel:116%20111\">116 111<\/a>\u00a0<a href=\"https:\/\/116111.pl\/\">strona<\/a> &#8211; <a href=\"https:\/\/116111.pl\/\" target=\"_blank\" rel=\"noopener\">strona www<\/a><\/p>\n<p style=\"text-align: justify;\"><strong>Telefon wsparcia emocjonalnego dla doros\u0142ych:<\/strong> <a href=\"tel:116%20123\">116 123<\/a> &#8211; <a href=\"http:\/\/www.psychologia.edu.pl\/kryzysy-osobiste\/telefon-kryzysowy-116123.html\" target=\"_blank\" rel=\"noopener\">strona www<\/a><\/p>\n<p style=\"text-align: justify;\"><strong>Og\u00f3lnopolski telefon dla os\u00f3b do\u015bwiadczaj\u0105cych przemocy w rodzinie \u201eNiebieska Linia\u201d:<\/strong> <a href=\"tel:800%20120%20002\">800 120 002<\/a> &#8211;\u00a0<a href=\"http:\/\/www.niebieskalinia.info\/index.php\/oferta\/29-oferta\" target=\"_blank\" rel=\"noopener\">strona www<\/a><\/p>\n<p>&nbsp;<\/p>\n<p style=\"text-align: center;\"><strong>Pozosta\u0142e bezp\u0142atne numery pomocowe:<\/strong><\/p>\n<p style=\"text-align: justify;\"><strong>Og\u00f3lnopolski Telefon Zaufania Uzale\u017cnienia:<\/strong> <a href=\"tel:800%20199%20990\">800 199 990<\/a><br \/>\nCzynny codziennie od 16:00 do 21:00 &#8211;\u00a0<a href=\"https:\/\/www.kbpn.gov.pl\/portal?id=8276205\" target=\"_blank\" rel=\"noopener\">strona www<\/a><\/p>\n<p style=\"text-align: justify;\"><strong>Telefon zaufania dla os\u00f3b cierpi\u0105cych z powodu uzale\u017cnie\u0144 behawioralnych i ich bliskich:<\/strong> <a href=\"tel:801%20889%20880\">801 889 880<\/a><br \/>\nCzynny codziennie od 17:00 do 22:00 &#8211;\u00a0<a href=\"https:\/\/www.uzaleznieniabehawioralne.pl\/archiwum-aktualnosci\/telefon-zaufania-dla-osob-uzaleznionych-od-czynnosci\/\" target=\"_blank\" rel=\"noopener\">strona www<\/a><\/p>\n<p><strong>Telefon Zaufania Uzale\u017cnie\u0144 Stowarzyszenia MONAR*: <\/strong><a class=\"numer\" href=\"tel:+48228236531\"><i class=\"fas fa-square-phone\"><\/i>22 823 65 31<\/a><br \/>\nCzynny w dni powszednie w godzinach 9\u201321 *koszt po\u0142\u0105czenia wg normalnej taryfy &#8211; <a href=\"http:\/\/monar.org\/kontakt\" target=\"_blank\" rel=\"noopener\">strona www<\/a><\/p>\n<p><strong>Infolinia Stowarzyszenia KARAN: <\/strong><a class=\"numer\" href=\"tel:+48800120289\">800 120 289<\/a><br \/>\nCzynny w dni robocze w godzinach 9\u201317 bezp\u0142atne &#8211; <a href=\"http:\/\/karan.pl\/index\/?id=7bcdf75ad237b8e02e301f4091fb6bc8\" target=\"_blank\" rel=\"noopener\">strona www<\/a><\/p>\n<p style=\"text-align: justify;\"><strong>Wsparcie dla os\u00f3b po stracie bliskich<\/strong> (b\u0119d\u0105cych w \u017ca\u0142obie): <a href=\"tel:800%20108%20108\">800 108 108<\/a><br \/>\nCzynny od poniedzia\u0142ku do pi\u0105tku od 14:00 do 20:00 &#8211; <a href=\"http:\/\/naglesami.org.pl\/telefon-wsparcia.html\" target=\"_blank\" rel=\"noopener\">strona www<\/a><\/p>\n<p style=\"text-align: justify;\"><strong>Telefon zaufania dla m\u0119\u017cczyzn:<\/strong> <a href=\"tel:608%20271%20402\">608 271 402<\/a><br \/>\nCzynny we wtorki od 17:00 do 19:00 oraz czwartki od 19:00 do 21:00 &#8211; <a href=\"https:\/\/www.fundacjaipw.org\/mezczyzni?fbclid=IwAR27dzKFZoJIU4gumgq9bMIFcNZB7QyPuC16h0dDgDnXWqz8-CdCIp0Ij0A\" target=\"_blank\" rel=\"noopener\">strona www<\/a><\/p>\n<p style=\"text-align: justify;\"><strong>Bezp\u0142atny anonimowy telefon i czat zaufania dla dzieci i m\u0142odzie\u017cy:<\/strong> <a href=\"tel:800%20119%20119\">800 119 119<\/a><br \/>\nCzynny codziennie od 14:00 do 22:00 &#8211; <a href=\"https:\/\/800119119.pl\/\" target=\"_blank\" rel=\"noopener\">strona www<\/a><\/p>\n<p style=\"text-align: left;\"><strong>Telefon zaufania HIV\/AIDS:<\/strong> <a href=\"tel:801%20888%20448\">801 888 448<\/a><br \/>\nCzynny od poniedzia\u0142ku do pi\u0105tku od 09:00 do 21:00 &#8211; <a href=\"https:\/\/www.aids.gov.pl\/kampanie\/CWL\/13.html\" target=\"_blank\" rel=\"noopener\">strona www<\/a><\/p>\n<p style=\"text-align: justify;\"><strong>Antydepresyjny telefon zaufania:<\/strong> <a href=\"tel:22%20484%2088%2001\">22 484 88 01<\/a><br \/>\nCzynny od poniedzia\u0142ku do pi\u0105tku od 15:00 do 20:00 &#8211; <a href=\"https:\/\/stopdepresji.pl\/\" target=\"_blank\" rel=\"noopener\">strona www<\/a><\/p>\n<p style=\"text-align: justify;\"><strong>Dobre S\u0142owa \u2013 telefon dla senior\u00f3w:<\/strong> <a href=\"tel:12%20333%2070%2088\">12 333 70 88<\/a><br \/>\nCzynny od poniedzia\u0142ku do pi\u0105tku od 10:00 do 12:00 oraz od 17:00 do 19:00<\/p>\n<p style=\"text-align: justify;\">\n","protected":false},"excerpt":{"rendered":"<p>Je\u015bli uwa\u017casz, \u017ce jaka\u015b sytuacja zagra\u017ca \u017cyciu b\u0105d\u017a zdrowiu Tobie lub komu\u015b z Twojego otoczenia, to nie wahaj si\u0119 i zadzwo\u0144 na telefon alarmowy 112. Poni\u017cej zamieszczona jest szeroka oferta Wsp\u00f3lnot Dwunastokrokowych, na podanych stronach znajdziesz numery kontaktowe, mitingi oraz przeczytasz niezb\u0119dne informacje. Ni\u017cej znajdziesz r\u00f3wnie\u017c telefony i strony zawieraj\u0105ce wsparcie profesjonalist\u00f3w. Cho\u0107 do\u015bwiadczenia zawarte&#8230;<\/p>\n","protected":false},"author":1,"featured_media":0,"parent":990,"menu_order":2,"comment_status":"closed","ping_status":"closed","template":"","meta":{"om_disable_all_campaigns":false,"_monsterinsights_skip_tracking":false,"_monsterinsights_sitenote_active":false,"_monsterinsights_sitenote_note":"","_monsterinsights_sitenote_category":0,"jetpack_post_was_ever_published":false,"footnotes":""},"class_list":["post-1675","page","type-page","status-publish","hentry"],"aioseo_notices":[],"jetpack-related-posts":[],"jetpack_sharing_enabled":true,"_links":{"self":[{"href":"https:\/\/dwunasty.blog\/index.php?rest_route=\/wp\/v2\/pages\/1675","targetHints":{"allow":["GET"]}}],"collection":[{"href":"https:\/\/dwunasty.blog\/index.php?rest_route=\/wp\/v2\/pages"}],"about":[{"href":"https:\/\/dwunasty.blog\/index.php?rest_route=\/wp\/v2\/types\/page"}],"author":[{"embeddable":true,"href":"https:\/\/dwunasty.blog\/index.php?rest_route=\/wp\/v2\/users\/1"}],"replies":[{"embeddable":true,"href":"https:\/\/dwunasty.blog\/index.php?rest_route=%2Fwp%2Fv2%2Fcomments&post=1675"}],"version-history":[{"count":15,"href":"https:\/\/dwunasty.blog\/index.php?rest_route=\/wp\/v2\/pages\/1675\/revisions"}],"predecessor-version":[{"id":1693,"href":"https:\/\/dwunasty.blog\/index.php?rest_route=\/wp\/v2\/pages\/1675\/revisions\/1693"}],"up":[{"embeddable":true,"href":"https:\/\/dwunasty.blog\/index.php?rest_route=\/wp\/v2\/pages\/990"}],"wp:attachment":[{"href":"https:\/\/dwunasty.blog\/index.php?rest_route=%2Fwp%2Fv2%2Fmedia&parent=1675"}],"curies":[{"name":"wp","href":"https:\/\/api.w.org\/{rel}","templated":true}]}}